{"id":722,"date":"2017-07-04T16:26:39","date_gmt":"2017-07-04T14:26:39","guid":{"rendered":"http:\/\/www.agriturismo-recanati.it\/ristorante\/"},"modified":"2023-04-06T11:54:01","modified_gmt":"2023-04-06T09:54:01","slug":"die-farm-restaurant-recanati","status":"publish","type":"page","link":"https:\/\/www.agriturismo-recanati.it\/de\/die-farm-restaurant-recanati\/","title":{"rendered":"Verwaltung des l\u00e4ndlichen Tourismus"},"content":{"rendered":"<div class=\"builder-container\"><div class=\"builder-full-width-revslider builder-full-width-element builder-full-width-element-1\" id=\"builder-full-width-revslider-1\">\n\t\t\t<!-- START Ristorante REVOLUTION SLIDER 6.7.3 --><p class=\"rs-p-wp-fix\"><\/p>\n\t\t\t<rs-module-wrap id=\"rev_slider_3_1_wrapper\" data-source=\"gallery\" style=\"visibility:hidden;background:transparent;padding:0;margin:0px auto;margin-top:0;margin-bottom:0;\">\n\t\t\t\t<rs-module id=\"rev_slider_3_1\" class=\" rs-ov-hidden\" style=\"\" data-version=\"6.7.3\">\n\t\t\t\t\t<rs-slides style=\"overflow: hidden; position: absolute;\">\n\t\t\t\t\t\t<rs-slide style=\"position: absolute;\" data-key=\"rs-20\" data-title=\"Slide\" data-duration=\"3000\" data-anim=\"ms:2300;\" data-in=\"o:0;\">\n\t\t\t\t\t\t\t<img decoding=\"async\" src=\"\/\/www.agriturismo-recanati.it\/wp-content\/plugins\/revslider\/sr6\/assets\/assets\/dummy.png\" alt=\"\" title=\"Verwaltung des l\u00e4ndlichen Tourismus\" class=\"rev-slidebg tp-rs-img rs-lazyload\" data-lazyload=\"\/\/www.agriturismo-recanati.it\/wp-content\/uploads\/2017\/07\/ristorante-agriturismo-giardino-dei-sapori-001.jpg\" data-parallax=\"off\" data-no-retina>\n<!---->\t\t\t\t\t<\/rs-slide>\n\t\t\t\t\t\t<rs-slide style=\"position: absolute;\" data-key=\"rs-17\" data-title=\"Slide\" data-duration=\"3000\" data-anim=\"ms:600;\" data-in=\"o:0;\">\n\t\t\t\t\t\t\t<img decoding=\"async\" src=\"\/\/www.agriturismo-recanati.it\/wp-content\/plugins\/revslider\/sr6\/assets\/assets\/dummy.png\" alt=\"\" title=\"Verwaltung des l\u00e4ndlichen Tourismus\" class=\"rev-slidebg tp-rs-img rs-lazyload\" data-lazyload=\"\/\/www.agriturismo-recanati.it\/wp-content\/uploads\/2017\/07\/ristorante-agriturismo-giardino-dei-sapori-002.jpg\" data-parallax=\"off\" data-no-retina>\n<!---->\t\t\t\t\t<\/rs-slide>\n\t\t\t\t\t\t<rs-slide style=\"position: absolute;\" data-key=\"rs-19\" data-title=\"Slide\" data-duration=\"3000\" data-anim=\"ms:800;\" data-in=\"o:0;\">\n\t\t\t\t\t\t\t<img decoding=\"async\" src=\"\/\/www.agriturismo-recanati.it\/wp-content\/plugins\/revslider\/sr6\/assets\/assets\/dummy.png\" alt=\"\" title=\"Verwaltung des l\u00e4ndlichen Tourismus\" class=\"rev-slidebg tp-rs-img rs-lazyload\" data-lazyload=\"\/\/www.agriturismo-recanati.it\/wp-content\/uploads\/2017\/07\/ristorante-agriturismo-giardino-dei-sapori-003.jpg\" data-parallax=\"off\" data-no-retina>\n<!---->\t\t\t\t\t<\/rs-slide>\n\t\t\t\t\t\t<rs-slide style=\"position: absolute;\" data-key=\"rs-21\" data-title=\"Slide\" data-duration=\"3000\" data-in=\"o:0;\">\n\t\t\t\t\t\t\t<img decoding=\"async\" src=\"\/\/www.agriturismo-recanati.it\/wp-content\/plugins\/revslider\/sr6\/assets\/assets\/dummy.png\" alt=\"\" title=\"Verwaltung des l\u00e4ndlichen Tourismus\" class=\"rev-slidebg tp-rs-img rs-lazyload\" data-lazyload=\"\/\/www.agriturismo-recanati.it\/wp-content\/uploads\/2017\/07\/ristorante-agriturismo-recanati.jpg\" data-parallax=\"off\" data-no-retina>\n<!---->\t\t\t\t\t<\/rs-slide>\n\t\t\t\t\t\t<rs-slide style=\"position: absolute;\" data-key=\"rs-18\" data-title=\"Slide\" data-duration=\"3000\" data-anim=\"ms:2300;\" data-in=\"o:0;\">\n\t\t\t\t\t\t\t<img decoding=\"async\" src=\"\/\/www.agriturismo-recanati.it\/wp-content\/plugins\/revslider\/sr6\/assets\/assets\/dummy.png\" alt=\"\" title=\"Verwaltung des l\u00e4ndlichen Tourismus\" class=\"rev-slidebg tp-rs-img rs-lazyload\" data-lazyload=\"\/\/www.agriturismo-recanati.it\/wp-content\/uploads\/2017\/07\/ristorante-recanati-5-stelle.jpg\" data-parallax=\"off\" data-no-retina>\n<!---->\t\t\t\t\t<\/rs-slide>\n\t\t\t\t\t\t<rs-slide style=\"position: absolute;\" data-key=\"rs-22\" data-title=\"Slide\" data-duration=\"3000\" data-anim=\"ms:2300;\" data-in=\"o:0;\">\n\t\t\t\t\t\t\t<img decoding=\"async\" src=\"\/\/www.agriturismo-recanati.it\/wp-content\/plugins\/revslider\/sr6\/assets\/assets\/dummy.png\" alt=\"\" title=\"Verwaltung des l\u00e4ndlichen Tourismus\" class=\"rev-slidebg tp-rs-img rs-lazyload\" data-lazyload=\"\/\/www.agriturismo-recanati.it\/wp-content\/uploads\/2017\/07\/ristorante-ottimo-agriturismo-recanati.jpg\" data-parallax=\"off\" data-no-retina>\n<!---->\t\t\t\t\t<\/rs-slide>\n\t\t\t\t\t\t<rs-slide style=\"position: absolute;\" data-key=\"rs-23\" data-title=\"Slide\" data-duration=\"3000\" data-anim=\"ms:2300;\" data-in=\"o:0;\">\n\t\t\t\t\t\t\t<img decoding=\"async\" src=\"\/\/www.agriturismo-recanati.it\/wp-content\/plugins\/revslider\/sr6\/assets\/assets\/dummy.png\" alt=\"\" title=\"Verwaltung des l\u00e4ndlichen Tourismus\" class=\"rev-slidebg tp-rs-img rs-lazyload\" data-lazyload=\"\/\/www.agriturismo-recanati.it\/wp-content\/uploads\/2017\/07\/ristorante-arrosto-reanati.jpg\" data-parallax=\"off\" data-no-retina>\n<!---->\t\t\t\t\t<\/rs-slide>\n\t\t\t\t\t\t<rs-slide style=\"position: absolute;\" data-key=\"rs-24\" data-title=\"Slide\" data-duration=\"3000\" data-anim=\"ms:2300;\" data-in=\"o:0;\">\n\t\t\t\t\t\t\t<img decoding=\"async\" src=\"\/\/www.agriturismo-recanati.it\/wp-content\/plugins\/revslider\/sr6\/assets\/assets\/dummy.png\" alt=\"\" title=\"Verwaltung des l\u00e4ndlichen Tourismus\" class=\"rev-slidebg tp-rs-img rs-lazyload\" data-lazyload=\"\/\/www.agriturismo-recanati.it\/wp-content\/uploads\/2017\/07\/agriturismo-a-recanati-ristorante-dolce.jpg\" data-parallax=\"off\" data-no-retina>\n<!---->\t\t\t\t\t<\/rs-slide>\n\t\t\t\t\t<\/rs-slides>\n\t\t\t\t<\/rs-module>\n\t\t\t\t<script>\n\t\t\t\t\tsetREVStartSize({c: 'rev_slider_3_1',rl:[1240,1024,778,480],el:[],gw:[1900],gh:[880],type:'standard',justify:'',layout:'fullwidth',mh:\"0\"});if (window.RS_MODULES!==undefined && window.RS_MODULES.modules!==undefined && window.RS_MODULES.modules[\"revslider31\"]!==undefined) {window.RS_MODULES.modules[\"revslider31\"].once = false;window.revapi3 = undefined;if (window.RS_MODULES.checkMinimal!==undefined) window.RS_MODULES.checkMinimal()}\n\t\t\t\t<\/script>\n\t\t\t<\/rs-module-wrap>\n\t\t\t<!-- END REVOLUTION SLIDER -->\n<\/div><div class=\"builder-section has-top-arrow builder-full-width-element builder-full-width-element-2\" id=\"builder-section-1\"><div class=\"builder-section-arrow builder-section-arrow-top\" style=\"border-bottom-color:#f9f9f9;\"><\/div><div class=\"builder-section-viewport\" style=\"padding-top:50px;padding-bottom:50px;\"><div class=\"builder-content-wrap\"><div class=\"builder-row\" id=\"builder-row-1\" data-column-size=\"1\"><figure class=\"builder-image halign-image-center\" id=\"builder-image-1\"><img decoding=\"async\" src=\"https:\/\/www.agriturismo-recanati.it\/wp-content\/uploads\/2023\/04\/turismo-rurale.jpg\" alt=\"turismo-rurale\" \/><\/figure><\/div><div class=\"builder-row-spacer\" style=\"margin-bottom:35px\"><\/div><div class=\"builder-row\" id=\"builder-row-2\" data-column-size=\"1\"><div class=\"builder-row-content-wrap\"><div class=\"builder-row-content\" style=\"max-width:550px;margin:0 auto;\"><h2 class=\"builder-header builder-text-style-section-title\" id=\"builder-header-1\" style=\"text-align:center;\">Sie suchen ein Verwaltung des l\u00e4ndlichen Tourismus in Recanati?<\/h2><h3 class=\"builder-header builder-text-style-section-tagline\" id=\"builder-header-2\" style=\"text-align:center;\">Gerichte mit Tradition, Geschmack und Leidenschaft in Recanati<\/h3><\/div><\/div><\/div><div class=\"builder-row-spacer\" style=\"margin-bottom:35px\"><\/div><div class=\"builder-row\" id=\"builder-row-3\" data-column-size=\"1\"><article class=\"builder-icon-box icon-location-above icon-custom-color\" id=\"builder-icon-box-1\"><div class=\"builder-icon-box-icon-container\" style=\"background-color:#603a14;color:#603a14;\"><span class=\"builder-icon-box-icon builder-icon entypo-star-empty\"><\/span><\/div><h3 class=\"builder-icon-box-title\">Verwaltung des l\u00e4ndlichen Tourismus- Il Giardino dei Sapori<\/h3><div class=\"builder-icon-box-content\"><div class=\"builder-tmce-content\"><p>Unsere Speisekarte ist der lokalen Tradition verpflichtet und entspringt unserer Begeisterung daf\u00fcr, unsere G\u00e4ste mit antiken Rezepten und \u00fcberlieferten Aromen zu verzaubern.<\/p>\n<p>In allen Gerichten finden Sie die Fr\u00fcchte unserer Felder, die begleitet werden von unseren hausgemachten Oliven\u00f6len und Weinen.<\/p>\n<p>Das frisch gebackene Brot erg\u00e4nzt sich perfekt mit unserer Eigenproduktion italienischer Aufschnitt-Spezialit\u00e4ten wie Rohschinken, Lonza, Salami, Ciauscolo und Coppa.<\/p>\n<p>S\u00e4mtliche Pastavarianten werden von uns frisch mit der Hand zubereitet: z.B. Bandnudeln mit Wildschweinragout, Teigtaschen mit Cacio-K\u00e4se und Kohl, Tagliatelle mit Entenragout oder Teigtaschen mit Gem\u00fcsef\u00fcllung nach Jahreszeit.<\/p>\n<p>Sehr schmackhaft ist auch unsere gemischte Grillplatte vom Kohlegrill, mit Variationen von Frittiertem, von Lamm, ger\u00f6steter Ente oder gef\u00fcllten Tauben.<br \/>\nZum Abschluss k\u00f6nnen wir Ihnen unsere hausgemachten S\u00fcssspeisen empfehlen: Crostata, Zuppa Inglese, Tiramis\u00fa oder Kekse mit unserer Dessertwein-Spezialit\u00e4t, dem Vino Cotto.<\/p>\n<p>Unser Men\u00fc spiegelt die traditionelle und gesunde K\u00fcche der Marken wieder, die ihren einzigartigen Geschmack genau diesem Flecken Erde verdankt.<\/p>\n<\/div><\/div><\/article><\/div><div class=\"builder-row\" id=\"builder-row-4\" data-column-size=\"1\"><div class=\"builder-gallery builder-gallery-masonry builder-grid-4 spacing-2 builder-masonry\" id=\"builder-gallery-1\" data-builder-lightbox-role=\"gallery\"><figure class=\"builder-gallery-item\" id=\"builder-gallery-1-item-1\"><a href=\"https:\/\/www.agriturismo-recanati.it\/wp-content\/uploads\/2017\/07\/DSC_0455.jpg\" data-builder-lightbox-role=\"gallery-item\"><img decoding=\"async\" src=\"https:\/\/www.agriturismo-recanati.it\/wp-content\/uploads\/2017\/07\/DSC_0455.jpg\" alt=\"DSC_0455\" class=\"\"><\/a><\/figure><figure class=\"builder-gallery-item\" id=\"builder-gallery-1-item-2\"><a href=\"https:\/\/www.agriturismo-recanati.it\/wp-content\/uploads\/2017\/07\/DSC_0007.jpg\" data-builder-lightbox-role=\"gallery-item\"><img decoding=\"async\" src=\"https:\/\/www.agriturismo-recanati.it\/wp-content\/uploads\/2017\/07\/DSC_0007.jpg\" alt=\"DSC_0007\" class=\"\"><\/a><\/figure><figure class=\"builder-gallery-item\" id=\"builder-gallery-1-item-3\"><a href=\"https:\/\/www.agriturismo-recanati.it\/wp-content\/uploads\/2017\/07\/DSC_0441.jpg\" data-builder-lightbox-role=\"gallery-item\"><img decoding=\"async\" src=\"https:\/\/www.agriturismo-recanati.it\/wp-content\/uploads\/2017\/07\/DSC_0441.jpg\" alt=\"DSC_0441\" class=\"\"><\/a><\/figure><figure class=\"builder-gallery-item\" id=\"builder-gallery-1-item-4\"><a href=\"https:\/\/www.agriturismo-recanati.it\/wp-content\/uploads\/2017\/07\/DSC_0002.jpg\" data-builder-lightbox-role=\"gallery-item\"><img decoding=\"async\" src=\"https:\/\/www.agriturismo-recanati.it\/wp-content\/uploads\/2017\/07\/DSC_0002.jpg\" alt=\"DSC_0002\" class=\"\"><\/a><\/figure><figure class=\"builder-gallery-item\" id=\"builder-gallery-1-item-5\"><a href=\"https:\/\/www.agriturismo-recanati.it\/wp-content\/uploads\/2017\/07\/DSC_0015.jpg\" data-builder-lightbox-role=\"gallery-item\"><img decoding=\"async\" src=\"https:\/\/www.agriturismo-recanati.it\/wp-content\/uploads\/2017\/07\/DSC_0015.jpg\" alt=\"DSC_0015\" class=\"\"><\/a><\/figure><figure class=\"builder-gallery-item\" id=\"builder-gallery-1-item-6\"><a href=\"https:\/\/www.agriturismo-recanati.it\/wp-content\/uploads\/2017\/07\/DSC_0012.jpg\" data-builder-lightbox-role=\"gallery-item\"><img decoding=\"async\" src=\"https:\/\/www.agriturismo-recanati.it\/wp-content\/uploads\/2017\/07\/DSC_0012.jpg\" alt=\"DSC_0012\" class=\"\"><\/a><\/figure><figure class=\"builder-gallery-item\" id=\"builder-gallery-1-item-7\"><a href=\"https:\/\/www.agriturismo-recanati.it\/wp-content\/uploads\/2017\/07\/DSC_0033.jpg\" data-builder-lightbox-role=\"gallery-item\"><img decoding=\"async\" src=\"https:\/\/www.agriturismo-recanati.it\/wp-content\/uploads\/2017\/07\/DSC_0033.jpg\" alt=\"DSC_0033\" class=\"\"><\/a><\/figure><figure class=\"builder-gallery-item\" id=\"builder-gallery-1-item-8\"><a href=\"https:\/\/www.agriturismo-recanati.it\/wp-content\/uploads\/2017\/07\/DSC_0036.jpg\" data-builder-lightbox-role=\"gallery-item\"><img decoding=\"async\" src=\"https:\/\/www.agriturismo-recanati.it\/wp-content\/uploads\/2017\/07\/DSC_0036.jpg\" alt=\"DSC_0036\" class=\"\"><\/a><\/figure><figure class=\"builder-gallery-item\" id=\"builder-gallery-1-item-9\"><a href=\"https:\/\/www.agriturismo-recanati.it\/wp-content\/uploads\/2017\/07\/DSC_0040.jpg\" data-builder-lightbox-role=\"gallery-item\"><img decoding=\"async\" src=\"https:\/\/www.agriturismo-recanati.it\/wp-content\/uploads\/2017\/07\/DSC_0040.jpg\" alt=\"DSC_0040\" class=\"\"><\/a><\/figure><figure class=\"builder-gallery-item\" id=\"builder-gallery-1-item-10\"><a href=\"https:\/\/www.agriturismo-recanati.it\/wp-content\/uploads\/2017\/07\/DSC_0044.jpg\" data-builder-lightbox-role=\"gallery-item\"><img decoding=\"async\" src=\"https:\/\/www.agriturismo-recanati.it\/wp-content\/uploads\/2017\/07\/DSC_0044.jpg\" alt=\"DSC_0044\" class=\"\"><\/a><\/figure><figure class=\"builder-gallery-item\" id=\"builder-gallery-1-item-11\"><a href=\"https:\/\/www.agriturismo-recanati.it\/wp-content\/uploads\/2017\/07\/DSC_0461.jpg\" data-builder-lightbox-role=\"gallery-item\"><img decoding=\"async\" src=\"https:\/\/www.agriturismo-recanati.it\/wp-content\/uploads\/2017\/07\/DSC_0461.jpg\" alt=\"DSC_0461\" class=\"\"><\/a><\/figure><figure class=\"builder-gallery-item\" id=\"builder-gallery-1-item-12\"><a href=\"https:\/\/www.agriturismo-recanati.it\/wp-content\/uploads\/2017\/07\/DSC_0423.jpg\" data-builder-lightbox-role=\"gallery-item\"><img decoding=\"async\" src=\"https:\/\/www.agriturismo-recanati.it\/wp-content\/uploads\/2017\/07\/DSC_0423.jpg\" alt=\"DSC_0423\" class=\"\"><\/a><\/figure><figure class=\"builder-gallery-item\" id=\"builder-gallery-1-item-13\"><a href=\"https:\/\/www.agriturismo-recanati.it\/wp-content\/uploads\/2017\/07\/DSC_0177.jpg\" data-builder-lightbox-role=\"gallery-item\"><img decoding=\"async\" src=\"https:\/\/www.agriturismo-recanati.it\/wp-content\/uploads\/2017\/07\/DSC_0177.jpg\" alt=\"DSC_0177\" class=\"\"><\/a><\/figure><figure class=\"builder-gallery-item\" id=\"builder-gallery-1-item-14\"><a href=\"https:\/\/www.agriturismo-recanati.it\/wp-content\/uploads\/2017\/07\/DSC_0129.jpg\" data-builder-lightbox-role=\"gallery-item\"><img decoding=\"async\" src=\"https:\/\/www.agriturismo-recanati.it\/wp-content\/uploads\/2017\/07\/DSC_0129.jpg\" alt=\"DSC_0129\" class=\"\"><\/a><\/figure><figure class=\"builder-gallery-item\" id=\"builder-gallery-1-item-15\"><a href=\"https:\/\/www.agriturismo-recanati.it\/wp-content\/uploads\/2017\/07\/DSC_0153.jpg\" data-builder-lightbox-role=\"gallery-item\"><img decoding=\"async\" src=\"https:\/\/www.agriturismo-recanati.it\/wp-content\/uploads\/2017\/07\/DSC_0153.jpg\" alt=\"DSC_0153\" class=\"\"><\/a><\/figure><figure class=\"builder-gallery-item\" id=\"builder-gallery-1-item-16\"><a href=\"https:\/\/www.agriturismo-recanati.it\/wp-content\/uploads\/2017\/07\/DSC_0162.jpg\" data-builder-lightbox-role=\"gallery-item\"><img decoding=\"async\" src=\"https:\/\/www.agriturismo-recanati.it\/wp-content\/uploads\/2017\/07\/DSC_0162.jpg\" alt=\"DSC_0162\" class=\"\"><\/a><\/figure><\/div><div class=\"builder-spacer clearfix\" id=\"builder-spacer-1\" style=\"height:65px;\"><\/div><\/div><\/div><\/div><\/div><\/div>\n","protected":false},"excerpt":{"rendered":"","protected":false},"author":1,"featured_media":0,"parent":0,"menu_order":0,"comment_status":"closed","ping_status":"closed","template":"","meta":{"_exactmetrics_skip_tracking":false,"_exactmetrics_sitenote_active":false,"_exactmetrics_sitenote_note":"","_exactmetrics_sitenote_category":0,"footnotes":""},"class_list":["post-722","page","type-page","status-publish","hentry"],"yoast_head":"<!-- This site is optimized with the Yoast SEO plugin v27.1.1 - https:\/\/yoast.com\/product\/yoast-seo-wordpress\/ -->\n<title>Die Farm Restaurant Recanati - Il Giardino dei Sapori<\/title>\n<meta name=\"description\" content=\"Die Farm Restaurant Recanati, Il Giardino dei Sapori. Unsere Speisekarte ist der lokalen Tradition verpflichtet und entspringt unserer Begeisterung daf\u00fcr.\" \/>\n<meta name=\"robots\" content=\"index, follow, max-snippet:-1, max-image-preview:large, max-video-preview:-1\" \/>\n<link rel=\"canonical\" href=\"https:\/\/www.agriturismo-recanati.it\/de\/die-farm-restaurant-recanati\/\" \/>\n<meta property=\"og:locale\" content=\"de_DE\" \/>\n<meta property=\"og:type\" content=\"article\" \/>\n<meta property=\"og:title\" content=\"Die Farm Restaurant Recanati - Il Giardino dei Sapori\" \/>\n<meta property=\"og:description\" content=\"Die Farm Restaurant Recanati, Il Giardino dei Sapori. Unsere Speisekarte ist der lokalen Tradition verpflichtet und entspringt unserer Begeisterung daf\u00fcr.\" \/>\n<meta property=\"og:url\" content=\"https:\/\/www.agriturismo-recanati.it\/de\/die-farm-restaurant-recanati\/\" \/>\n<meta property=\"og:site_name\" content=\"Il Giardino dei sapori\" \/>\n<meta property=\"article:modified_time\" content=\"2023-04-06T09:54:01+00:00\" \/>\n<meta name=\"twitter:card\" content=\"summary_large_image\" \/>\n<meta name=\"twitter:label1\" content=\"Gesch\u00e4tzte Lesezeit\" \/>\n\t<meta name=\"twitter:data1\" content=\"1\u00a0Minute\" \/>\n<script type=\"application\/ld+json\" class=\"yoast-schema-graph\">{\"@context\":\"https:\/\/schema.org\",\"@graph\":[{\"@type\":\"WebPage\",\"@id\":\"https:\/\/www.agriturismo-recanati.it\/de\/die-farm-restaurant-recanati\/\",\"url\":\"https:\/\/www.agriturismo-recanati.it\/de\/die-farm-restaurant-recanati\/\",\"name\":\"Die Farm Restaurant Recanati - Il Giardino dei Sapori\",\"isPartOf\":{\"@id\":\"https:\/\/www.agriturismo-recanati.it\/#website\"},\"datePublished\":\"2017-07-04T14:26:39+00:00\",\"dateModified\":\"2023-04-06T09:54:01+00:00\",\"description\":\"Die Farm Restaurant Recanati, Il Giardino dei Sapori. Unsere Speisekarte ist der lokalen Tradition verpflichtet und entspringt unserer Begeisterung daf\u00fcr.\",\"breadcrumb\":{\"@id\":\"https:\/\/www.agriturismo-recanati.it\/de\/die-farm-restaurant-recanati\/#breadcrumb\"},\"inLanguage\":\"de\",\"potentialAction\":[{\"@type\":\"ReadAction\",\"target\":[\"https:\/\/www.agriturismo-recanati.it\/de\/die-farm-restaurant-recanati\/\"]}]},{\"@type\":\"BreadcrumbList\",\"@id\":\"https:\/\/www.agriturismo-recanati.it\/de\/die-farm-restaurant-recanati\/#breadcrumb\",\"itemListElement\":[{\"@type\":\"ListItem\",\"position\":1,\"name\":\"Home\",\"item\":\"https:\/\/www.agriturismo-recanati.it\/de\/\"},{\"@type\":\"ListItem\",\"position\":2,\"name\":\"Verwaltung des l\u00e4ndlichen Tourismus\"}]},{\"@type\":\"WebSite\",\"@id\":\"https:\/\/www.agriturismo-recanati.it\/#website\",\"url\":\"https:\/\/www.agriturismo-recanati.it\/\",\"name\":\"Il Giardino dei sapori\",\"description\":\"Agriturismo Recanati\",\"potentialAction\":[{\"@type\":\"SearchAction\",\"target\":{\"@type\":\"EntryPoint\",\"urlTemplate\":\"https:\/\/www.agriturismo-recanati.it\/?s={search_term_string}\"},\"query-input\":{\"@type\":\"PropertyValueSpecification\",\"valueRequired\":true,\"valueName\":\"search_term_string\"}}],\"inLanguage\":\"de\"}]}<\/script>\n<!-- \/ Yoast SEO plugin. -->","yoast_head_json":{"title":"Die Farm Restaurant Recanati - Il Giardino dei Sapori","description":"Die Farm Restaurant Recanati, Il Giardino dei Sapori. Unsere Speisekarte ist der lokalen Tradition verpflichtet und entspringt unserer Begeisterung daf\u00fcr.","robots":{"index":"index","follow":"follow","max-snippet":"max-snippet:-1","max-image-preview":"max-image-preview:large","max-video-preview":"max-video-preview:-1"},"canonical":"https:\/\/www.agriturismo-recanati.it\/de\/die-farm-restaurant-recanati\/","og_locale":"de_DE","og_type":"article","og_title":"Die Farm Restaurant Recanati - Il Giardino dei Sapori","og_description":"Die Farm Restaurant Recanati, Il Giardino dei Sapori. Unsere Speisekarte ist der lokalen Tradition verpflichtet und entspringt unserer Begeisterung daf\u00fcr.","og_url":"https:\/\/www.agriturismo-recanati.it\/de\/die-farm-restaurant-recanati\/","og_site_name":"Il Giardino dei sapori","article_modified_time":"2023-04-06T09:54:01+00:00","twitter_card":"summary_large_image","twitter_misc":{"Gesch\u00e4tzte Lesezeit":"1\u00a0Minute"},"schema":{"@context":"https:\/\/schema.org","@graph":[{"@type":"WebPage","@id":"https:\/\/www.agriturismo-recanati.it\/de\/die-farm-restaurant-recanati\/","url":"https:\/\/www.agriturismo-recanati.it\/de\/die-farm-restaurant-recanati\/","name":"Die Farm Restaurant Recanati - Il Giardino dei Sapori","isPartOf":{"@id":"https:\/\/www.agriturismo-recanati.it\/#website"},"datePublished":"2017-07-04T14:26:39+00:00","dateModified":"2023-04-06T09:54:01+00:00","description":"Die Farm Restaurant Recanati, Il Giardino dei Sapori. Unsere Speisekarte ist der lokalen Tradition verpflichtet und entspringt unserer Begeisterung daf\u00fcr.","breadcrumb":{"@id":"https:\/\/www.agriturismo-recanati.it\/de\/die-farm-restaurant-recanati\/#breadcrumb"},"inLanguage":"de","potentialAction":[{"@type":"ReadAction","target":["https:\/\/www.agriturismo-recanati.it\/de\/die-farm-restaurant-recanati\/"]}]},{"@type":"BreadcrumbList","@id":"https:\/\/www.agriturismo-recanati.it\/de\/die-farm-restaurant-recanati\/#breadcrumb","itemListElement":[{"@type":"ListItem","position":1,"name":"Home","item":"https:\/\/www.agriturismo-recanati.it\/de\/"},{"@type":"ListItem","position":2,"name":"Verwaltung des l\u00e4ndlichen Tourismus"}]},{"@type":"WebSite","@id":"https:\/\/www.agriturismo-recanati.it\/#website","url":"https:\/\/www.agriturismo-recanati.it\/","name":"Il Giardino dei sapori","description":"Agriturismo Recanati","potentialAction":[{"@type":"SearchAction","target":{"@type":"EntryPoint","urlTemplate":"https:\/\/www.agriturismo-recanati.it\/?s={search_term_string}"},"query-input":{"@type":"PropertyValueSpecification","valueRequired":true,"valueName":"search_term_string"}}],"inLanguage":"de"}]}},"_links":{"self":[{"href":"https:\/\/www.agriturismo-recanati.it\/de\/wp-json\/wp\/v2\/pages\/722","targetHints":{"allow":["GET"]}}],"collection":[{"href":"https:\/\/www.agriturismo-recanati.it\/de\/wp-json\/wp\/v2\/pages"}],"about":[{"href":"https:\/\/www.agriturismo-recanati.it\/de\/wp-json\/wp\/v2\/types\/page"}],"author":[{"embeddable":true,"href":"https:\/\/www.agriturismo-recanati.it\/de\/wp-json\/wp\/v2\/users\/1"}],"replies":[{"embeddable":true,"href":"https:\/\/www.agriturismo-recanati.it\/de\/wp-json\/wp\/v2\/comments?post=722"}],"version-history":[{"count":1,"href":"https:\/\/www.agriturismo-recanati.it\/de\/wp-json\/wp\/v2\/pages\/722\/revisions"}],"predecessor-version":[{"id":835,"href":"https:\/\/www.agriturismo-recanati.it\/de\/wp-json\/wp\/v2\/pages\/722\/revisions\/835"}],"wp:attachment":[{"href":"https:\/\/www.agriturismo-recanati.it\/de\/wp-json\/wp\/v2\/media?parent=722"}],"curies":[{"name":"wp","href":"https:\/\/api.w.org\/{rel}","templated":true}]}}