{"id":727,"date":"2017-07-06T09:04:40","date_gmt":"2017-07-06T07:04:40","guid":{"rendered":"http:\/\/www.agriturismo-recanati.it\/prodotti\/"},"modified":"2018-12-31T13:51:43","modified_gmt":"2018-12-31T12:51:43","slug":"typische-produkte-recanati","status":"publish","type":"page","link":"https:\/\/www.agriturismo-recanati.it\/de\/typische-produkte-recanati\/","title":{"rendered":"Produkte"},"content":{"rendered":"<div class=\"builder-container\"><div class=\"builder-full-width-revslider builder-full-width-element builder-full-width-element-1\" id=\"builder-full-width-revslider-1\">\n\t\t\t<!-- START Prodotti REVOLUTION SLIDER 6.7.3 --><p class=\"rs-p-wp-fix\"><\/p>\n\t\t\t<rs-module-wrap id=\"rev_slider_5_1_wrapper\" data-source=\"gallery\" style=\"visibility:hidden;background:transparent;padding:0;margin:0px auto;margin-top:0;margin-bottom:0;\">\n\t\t\t\t<rs-module id=\"rev_slider_5_1\" class=\" rs-ov-hidden\" style=\"\" data-version=\"6.7.3\">\n\t\t\t\t\t<rs-slides style=\"overflow: hidden; position: absolute;\">\n\t\t\t\t\t\t<rs-slide style=\"position: absolute;\" data-key=\"rs-33\" data-title=\"Slide\" data-duration=\"3000\" data-anim=\"ms:600;\" data-in=\"o:0;\">\n\t\t\t\t\t\t\t<img decoding=\"async\" src=\"\/\/www.agriturismo-recanati.it\/wp-content\/plugins\/revslider\/sr6\/assets\/assets\/dummy.png\" alt=\"\" title=\"Produkte\" class=\"rev-slidebg tp-rs-img rs-lazyload\" data-lazyload=\"\/\/www.agriturismo-recanati.it\/wp-content\/uploads\/2017\/07\/prodotti-agriturismo-recanati001.jpg\" data-parallax=\"off\" data-no-retina>\n<!---->\t\t\t\t\t<\/rs-slide>\n\t\t\t\t\t\t<rs-slide style=\"position: absolute;\" data-key=\"rs-38\" data-title=\"Slide\" data-duration=\"3000\" data-anim=\"ms:2300;\" data-in=\"o:0;\">\n\t\t\t\t\t\t\t<img decoding=\"async\" src=\"\/\/www.agriturismo-recanati.it\/wp-content\/plugins\/revslider\/sr6\/assets\/assets\/dummy.png\" alt=\"\" title=\"Produkte\" class=\"rev-slidebg tp-rs-img rs-lazyload\" data-lazyload=\"\/\/www.agriturismo-recanati.it\/wp-content\/uploads\/2017\/07\/prodotti-agriturismo-recanati02.jpg\" data-parallax=\"off\" data-no-retina>\n<!---->\t\t\t\t\t<\/rs-slide>\n\t\t\t\t\t\t<rs-slide style=\"position: absolute;\" data-key=\"rs-36\" data-title=\"Slide\" data-duration=\"3000\" data-anim=\"ms:2300;\" data-in=\"o:0;\">\n\t\t\t\t\t\t\t<img decoding=\"async\" src=\"\/\/www.agriturismo-recanati.it\/wp-content\/plugins\/revslider\/sr6\/assets\/assets\/dummy.png\" alt=\"\" title=\"Produkte\" class=\"rev-slidebg tp-rs-img rs-lazyload\" data-lazyload=\"\/\/www.agriturismo-recanati.it\/wp-content\/uploads\/2017\/07\/prodotti-agriturismo-a-recanati03.jpg\" data-parallax=\"off\" data-no-retina>\n<!---->\t\t\t\t\t<\/rs-slide>\n\t\t\t\t\t<\/rs-slides>\n\t\t\t\t<\/rs-module>\n\t\t\t\t<script>\n\t\t\t\t\tsetREVStartSize({c: 'rev_slider_5_1',rl:[1240,1024,778,480],el:[],gw:[1900],gh:[880],type:'standard',justify:'',layout:'fullwidth',mh:\"0\"});if (window.RS_MODULES!==undefined && window.RS_MODULES.modules!==undefined && window.RS_MODULES.modules[\"revslider51\"]!==undefined) {window.RS_MODULES.modules[\"revslider51\"].once = false;window.revapi5 = undefined;if (window.RS_MODULES.checkMinimal!==undefined) window.RS_MODULES.checkMinimal()}\n\t\t\t\t<\/script>\n\t\t\t<\/rs-module-wrap>\n\t\t\t<!-- END REVOLUTION SLIDER -->\n<\/div><div class=\"builder-section has-top-arrow builder-full-width-element builder-full-width-element-2\" id=\"builder-section-1\"><div class=\"builder-section-arrow builder-section-arrow-top\" style=\"border-bottom-color:#f9f9f9;\"><\/div><div class=\"builder-section-viewport\" style=\"padding-top:50px;padding-bottom:50px;\"><div class=\"builder-content-wrap\"><div class=\"builder-row\" id=\"builder-row-1\" data-column-size=\"1\"><div class=\"builder-row-content-wrap\"><div class=\"builder-row-content\" style=\"max-width:550px;margin:0 auto;\"><h2 class=\"builder-header builder-text-style-section-title\" id=\"builder-header-1\" style=\"text-align:center;\">Typische Produkte in Recanati?<\/h2><h3 class=\"builder-header builder-text-style-section-tagline\" id=\"builder-header-2\" style=\"text-align:center;\">Sie k\u00f6nnen sie in unserem Bauernhaus finden<\/h3><\/div><\/div><\/div><div class=\"builder-row-spacer\" style=\"margin-bottom:35px\"><\/div><div class=\"builder-row\" id=\"builder-row-2\" data-column-size=\"1\"><article class=\"builder-icon-box icon-location-above icon-custom-color\" id=\"builder-icon-box-1\"><div class=\"builder-icon-box-icon-container\" style=\"background-color:#603a14;color:#603a14;\"><span class=\"builder-icon-box-icon builder-icon entypo-leaf\"><\/span><\/div><h3 class=\"builder-icon-box-title\">Die Produkte von Il Giardino dei Sapori<\/h3><div class=\"builder-icon-box-content\"><div class=\"builder-tmce-content\"><p>Unsere Weine, der \u201cBianco dei Colli Maceratesi DOC\u201c und der \u201eRosso Piceno DOC\u201c sind die Fr\u00fcchte unserer Weinberge. Der Rotwein, leicht w\u00fcrzig, geschmackvoll und mit ausgewogenem Bouquet ist ein optimaler Begleiter f\u00fcr Hauptspeisen mit gegrilltem Fleisch. Der Weisswein, Ergebnis einer sehr feinen G\u00e4rung, hat einen sanften Geschmack der zu jedem Gericht passt. Unsere Weine bieten wir im Agriturismo auch zum Verkauf an.<\/p>\n<p>Zu unserem Landwirtschaftsbetrieb geh\u00f6ren umfangreiche Olivenhaine im Ausmass von mehr als 1.5 ha. Leccino- und Frantoio-Oliven verleihen unserem \u00d6l den einzigartig goldgelben Farbton. Geschmacklich hebt es sich durch einen leichten Kr\u00e4uterton hervor, der durch zartbittere Mandelnoten erweitert wird, wenn die Olivenernte zum optimalen Zeitpunkt ablaufen kann.<\/p>\n<p>Das s\u00fcsslich-zartbittere und leicht pikante Bouquet macht unser rohes Oliven\u00f6l zum optimalen Begleiter von Fleischspeisen, Salaten, Fischgerichten und Suppen.<\/p>\n<p>Nach der Olivenernte, bei Anbruch der k\u00fchleren Herbsttage, beginnt bei uns die \u201ePista\u201c, d.h. die Verarbeitung der frisch geschlachteten Schweine. Unsere Wurstspezialit\u00e4ten stellen wir ausschliesslich auf der Grundlage antiker Rezepturen her, die rein nat\u00fcrliche Verfahren beinhalten und ohne chemische Zusatzstoffe zur Konservierung oder Geschmacksver\u00e4nderung erfolgen.<\/p>\n<\/div><\/div><\/article><\/div><div class=\"builder-row\" id=\"builder-row-3\" data-column-size=\"1\"><div class=\"builder-spacer clearfix\" id=\"builder-spacer-1\" style=\"height:65px;\"><\/div><\/div><div class=\"builder-column-row builder-columns-2 spacing-2\" id=\"builder-column-row-1\"><div><div class=\"builder-column builder-column-span-1_2 builder-column-first\" id=\"builder-column-1\" data-column-size=\"1_2\"><h2 class=\"builder-header builder-text-style-section-title\" id=\"builder-header-3\" style=\"text-align:center;\">M\u00f6chten Sie Informationen buchen oder fragen Sie gerne?<\/h2><h3 class=\"builder-header builder-text-style-section-tagline\" id=\"builder-header-4\" style=\"text-align:center;\">F\u00fcllen Sie das Formular oder telefonisch unter 071.986310 oder 339.5496234<\/h3><\/div><\/div><div><div class=\"builder-column builder-column-span-1_2 builder-column-last\" id=\"builder-column-2\" data-column-size=\"1_2\"><div class=\"builder-text-block\" id=\"builder-text-block-1\"><div class=\"builder-tmce-content\">\n<div class=\"wpcf7 no-js\" id=\"wpcf7-f787-o1\" lang=\"it-IT\" dir=\"ltr\" data-wpcf7-id=\"787\">\n<div class=\"screen-reader-response\"><p role=\"status\" aria-live=\"polite\" aria-atomic=\"true\"><\/p> <ul><\/ul><\/div>\n<form action=\"\/de\/wp-json\/wp\/v2\/pages\/727#wpcf7-f787-o1\" method=\"post\" class=\"wpcf7-form init\" aria-label=\"Modulo di contatto\" novalidate=\"novalidate\" data-status=\"init\">\n<fieldset class=\"hidden-fields-container\"><input type=\"hidden\" name=\"_wpcf7\" value=\"787\" \/><input type=\"hidden\" name=\"_wpcf7_version\" value=\"6.1.5\" \/><input type=\"hidden\" name=\"_wpcf7_locale\" value=\"it_IT\" \/><input type=\"hidden\" name=\"_wpcf7_unit_tag\" value=\"wpcf7-f787-o1\" \/><input type=\"hidden\" name=\"_wpcf7_container_post\" value=\"0\" \/><input type=\"hidden\" name=\"_wpcf7_posted_data_hash\" value=\"\" \/><input type=\"hidden\" name=\"_wpcf7_recaptcha_response\" value=\"\" \/>\n<\/fieldset>\n<p><label> Name (request)<br \/>\n<span class=\"wpcf7-form-control-wrap\" data-name=\"your-name\"><input size=\"40\" maxlength=\"400\" class=\"wpcf7-form-control wpcf7-text wpcf7-validates-as-required\" aria-required=\"true\" aria-invalid=\"false\" value=\"\" type=\"text\" name=\"your-name\" \/><\/span> <\/label>\n<\/p>\n<p><label> E-Mail-Adresse* (request)<br \/>\n<span class=\"wpcf7-form-control-wrap\" data-name=\"your-email\"><input size=\"40\" maxlength=\"400\" class=\"wpcf7-form-control wpcf7-email wpcf7-validates-as-required wpcf7-text wpcf7-validates-as-email\" aria-required=\"true\" aria-invalid=\"false\" value=\"\" type=\"email\" name=\"your-email\" \/><\/span> <\/label>\n<\/p>\n<p><label> Objekt<br \/>\n<span class=\"wpcf7-form-control-wrap\" data-name=\"your-subject\"><input size=\"40\" maxlength=\"400\" class=\"wpcf7-form-control wpcf7-text\" aria-invalid=\"false\" value=\"\" type=\"text\" name=\"your-subject\" \/><\/span> <\/label>\n<\/p>\n<p><label> Nachricht*<br \/>\n<span class=\"wpcf7-form-control-wrap\" data-name=\"your-message\"><textarea cols=\"40\" rows=\"10\" maxlength=\"2000\" class=\"wpcf7-form-control wpcf7-textarea\" aria-invalid=\"false\" name=\"your-message\"><\/textarea><\/span> <\/label>\n<\/p>\n<p><a href=\"https:\/\/www.agriturismo-recanati.it\/informativa-privacy\/\" target=\"_blank\" >Ich akzeptiere die Bedingungen der Privatsph\u00e4re<\/a><span class=\"wpcf7-form-control-wrap\" data-name=\"acceptance-541\"><span class=\"wpcf7-form-control wpcf7-acceptance\"><span class=\"wpcf7-list-item\"><input type=\"checkbox\" name=\"acceptance-541\" value=\"1\" id=\"Privacy\" aria-invalid=\"false\" \/><\/span><\/span><\/span>\n<\/p>\n\n<p><input class=\"wpcf7-form-control wpcf7-submit has-spinner\" type=\"submit\" value=\"Isenden\" \/>\n<\/p><div class=\"wpcf7-response-output\" aria-hidden=\"true\"><\/div>\n<\/form>\n<\/div>\n\n<\/div><\/div><\/div><\/div><\/div><\/div><\/div><\/div><\/div>\n","protected":false},"excerpt":{"rendered":"","protected":false},"author":1,"featured_media":0,"parent":0,"menu_order":0,"comment_status":"closed","ping_status":"closed","template":"","meta":{"_exactmetrics_skip_tracking":false,"_exactmetrics_sitenote_active":false,"_exactmetrics_sitenote_note":"","_exactmetrics_sitenote_category":0,"footnotes":""},"class_list":["post-727","page","type-page","status-publish","hentry"],"yoast_head":"<!-- This site is optimized with the Yoast SEO plugin v27.1.1 - https:\/\/yoast.com\/product\/yoast-seo-wordpress\/ -->\n<title>Typische Produkte Recanati - Il Giardino dei Sapori<\/title>\n<meta name=\"description\" content=\"Typische Produkte Recanati, Unsere Weine, der \u201cBianco dei Colli Maceratesi DOC\u201c und der \u201eRosso Piceno DOC\u201c sind die Fr\u00fcchte unserer Weinberge.\" \/>\n<meta name=\"robots\" content=\"index, follow, max-snippet:-1, max-image-preview:large, max-video-preview:-1\" \/>\n<link rel=\"canonical\" href=\"https:\/\/www.agriturismo-recanati.it\/de\/typische-produkte-recanati\/\" \/>\n<meta property=\"og:locale\" content=\"de_DE\" \/>\n<meta property=\"og:type\" content=\"article\" \/>\n<meta property=\"og:title\" content=\"Typische Produkte Recanati - Il Giardino dei Sapori\" \/>\n<meta property=\"og:description\" content=\"Typische Produkte Recanati, Unsere Weine, der \u201cBianco dei Colli Maceratesi DOC\u201c und der \u201eRosso Piceno DOC\u201c sind die Fr\u00fcchte unserer Weinberge.\" \/>\n<meta property=\"og:url\" content=\"https:\/\/www.agriturismo-recanati.it\/de\/typische-produkte-recanati\/\" \/>\n<meta property=\"og:site_name\" content=\"Il Giardino dei sapori\" \/>\n<meta property=\"article:modified_time\" content=\"2018-12-31T12:51:43+00:00\" \/>\n<meta name=\"twitter:card\" content=\"summary_large_image\" \/>\n<meta name=\"twitter:label1\" content=\"Gesch\u00e4tzte Lesezeit\" \/>\n\t<meta name=\"twitter:data1\" content=\"1\u00a0Minute\" \/>\n<script type=\"application\/ld+json\" class=\"yoast-schema-graph\">{\"@context\":\"https:\/\/schema.org\",\"@graph\":[{\"@type\":\"WebPage\",\"@id\":\"https:\/\/www.agriturismo-recanati.it\/de\/typische-produkte-recanati\/\",\"url\":\"https:\/\/www.agriturismo-recanati.it\/de\/typische-produkte-recanati\/\",\"name\":\"Typische Produkte Recanati - Il Giardino dei Sapori\",\"isPartOf\":{\"@id\":\"https:\/\/www.agriturismo-recanati.it\/#website\"},\"datePublished\":\"2017-07-06T07:04:40+00:00\",\"dateModified\":\"2018-12-31T12:51:43+00:00\",\"description\":\"Typische Produkte Recanati, Unsere Weine, der \u201cBianco dei Colli Maceratesi DOC\u201c und der \u201eRosso Piceno DOC\u201c sind die Fr\u00fcchte unserer Weinberge.\",\"breadcrumb\":{\"@id\":\"https:\/\/www.agriturismo-recanati.it\/de\/typische-produkte-recanati\/#breadcrumb\"},\"inLanguage\":\"de\",\"potentialAction\":[{\"@type\":\"ReadAction\",\"target\":[\"https:\/\/www.agriturismo-recanati.it\/de\/typische-produkte-recanati\/\"]}]},{\"@type\":\"BreadcrumbList\",\"@id\":\"https:\/\/www.agriturismo-recanati.it\/de\/typische-produkte-recanati\/#breadcrumb\",\"itemListElement\":[{\"@type\":\"ListItem\",\"position\":1,\"name\":\"Home\",\"item\":\"https:\/\/www.agriturismo-recanati.it\/de\/\"},{\"@type\":\"ListItem\",\"position\":2,\"name\":\"Produkte\"}]},{\"@type\":\"WebSite\",\"@id\":\"https:\/\/www.agriturismo-recanati.it\/#website\",\"url\":\"https:\/\/www.agriturismo-recanati.it\/\",\"name\":\"Il Giardino dei sapori\",\"description\":\"Agriturismo Recanati\",\"potentialAction\":[{\"@type\":\"SearchAction\",\"target\":{\"@type\":\"EntryPoint\",\"urlTemplate\":\"https:\/\/www.agriturismo-recanati.it\/?s={search_term_string}\"},\"query-input\":{\"@type\":\"PropertyValueSpecification\",\"valueRequired\":true,\"valueName\":\"search_term_string\"}}],\"inLanguage\":\"de\"}]}<\/script>\n<!-- \/ Yoast SEO plugin. -->","yoast_head_json":{"title":"Typische Produkte Recanati - Il Giardino dei Sapori","description":"Typische Produkte Recanati, Unsere Weine, der \u201cBianco dei Colli Maceratesi DOC\u201c und der \u201eRosso Piceno DOC\u201c sind die Fr\u00fcchte unserer Weinberge.","robots":{"index":"index","follow":"follow","max-snippet":"max-snippet:-1","max-image-preview":"max-image-preview:large","max-video-preview":"max-video-preview:-1"},"canonical":"https:\/\/www.agriturismo-recanati.it\/de\/typische-produkte-recanati\/","og_locale":"de_DE","og_type":"article","og_title":"Typische Produkte Recanati - Il Giardino dei Sapori","og_description":"Typische Produkte Recanati, Unsere Weine, der \u201cBianco dei Colli Maceratesi DOC\u201c und der \u201eRosso Piceno DOC\u201c sind die Fr\u00fcchte unserer Weinberge.","og_url":"https:\/\/www.agriturismo-recanati.it\/de\/typische-produkte-recanati\/","og_site_name":"Il Giardino dei sapori","article_modified_time":"2018-12-31T12:51:43+00:00","twitter_card":"summary_large_image","twitter_misc":{"Gesch\u00e4tzte Lesezeit":"1\u00a0Minute"},"schema":{"@context":"https:\/\/schema.org","@graph":[{"@type":"WebPage","@id":"https:\/\/www.agriturismo-recanati.it\/de\/typische-produkte-recanati\/","url":"https:\/\/www.agriturismo-recanati.it\/de\/typische-produkte-recanati\/","name":"Typische Produkte Recanati - Il Giardino dei Sapori","isPartOf":{"@id":"https:\/\/www.agriturismo-recanati.it\/#website"},"datePublished":"2017-07-06T07:04:40+00:00","dateModified":"2018-12-31T12:51:43+00:00","description":"Typische Produkte Recanati, Unsere Weine, der \u201cBianco dei Colli Maceratesi DOC\u201c und der \u201eRosso Piceno DOC\u201c sind die Fr\u00fcchte unserer Weinberge.","breadcrumb":{"@id":"https:\/\/www.agriturismo-recanati.it\/de\/typische-produkte-recanati\/#breadcrumb"},"inLanguage":"de","potentialAction":[{"@type":"ReadAction","target":["https:\/\/www.agriturismo-recanati.it\/de\/typische-produkte-recanati\/"]}]},{"@type":"BreadcrumbList","@id":"https:\/\/www.agriturismo-recanati.it\/de\/typische-produkte-recanati\/#breadcrumb","itemListElement":[{"@type":"ListItem","position":1,"name":"Home","item":"https:\/\/www.agriturismo-recanati.it\/de\/"},{"@type":"ListItem","position":2,"name":"Produkte"}]},{"@type":"WebSite","@id":"https:\/\/www.agriturismo-recanati.it\/#website","url":"https:\/\/www.agriturismo-recanati.it\/","name":"Il Giardino dei sapori","description":"Agriturismo Recanati","potentialAction":[{"@type":"SearchAction","target":{"@type":"EntryPoint","urlTemplate":"https:\/\/www.agriturismo-recanati.it\/?s={search_term_string}"},"query-input":{"@type":"PropertyValueSpecification","valueRequired":true,"valueName":"search_term_string"}}],"inLanguage":"de"}]}},"_links":{"self":[{"href":"https:\/\/www.agriturismo-recanati.it\/de\/wp-json\/wp\/v2\/pages\/727","targetHints":{"allow":["GET"]}}],"collection":[{"href":"https:\/\/www.agriturismo-recanati.it\/de\/wp-json\/wp\/v2\/pages"}],"about":[{"href":"https:\/\/www.agriturismo-recanati.it\/de\/wp-json\/wp\/v2\/types\/page"}],"author":[{"embeddable":true,"href":"https:\/\/www.agriturismo-recanati.it\/de\/wp-json\/wp\/v2\/users\/1"}],"replies":[{"embeddable":true,"href":"https:\/\/www.agriturismo-recanati.it\/de\/wp-json\/wp\/v2\/comments?post=727"}],"version-history":[{"count":0,"href":"https:\/\/www.agriturismo-recanati.it\/de\/wp-json\/wp\/v2\/pages\/727\/revisions"}],"wp:attachment":[{"href":"https:\/\/www.agriturismo-recanati.it\/de\/wp-json\/wp\/v2\/media?parent=727"}],"curies":[{"name":"wp","href":"https:\/\/api.w.org\/{rel}","templated":true}]}}